{"id":35,"date":"2015-09-13T09:52:01","date_gmt":"2015-09-13T09:52:01","guid":{"rendered":"http:\/\/tohuwabohu-team.de\/?page_id=35"},"modified":"2026-01-09T07:43:47","modified_gmt":"2026-01-09T07:43:47","slug":"anfaenger-training","status":"publish","type":"page","link":"http:\/\/tohuwabohu-team.de\/?page_id=35","title":{"rendered":"Anf\u00e4nger-Training 2026"},"content":{"rendered":"\n<h2 class=\"wp-block-heading has-text-align-center\" id=\"2022\">2026<\/h2>\n\n\n\n<h3 class=\"wp-block-heading has-text-align-center\" id=\"rock-n-roll-anfangertrainingtanzen-aber-noch-sehr-viel-mehr\"><strong>Rock\u2019n\u2019Roll \u2013 Anf\u00e4ngertraining<br>Tanzen aber noch sehr viel mehr!<\/strong><\/h3>\n\n\n\n<p class=\"has-text-align-center\"><strong>Die Rock &#8217;n&#8216; Roller vom TSV Buchholz 08 suchen Verst\u00e4rkung f\u00fcr ihr Team. F\u00fcr alle Tanz- und Sportbegeisterten beginnt im Herbst ein neuer Anf\u00e4ngerkurs. Melde dich einfach bei unserem Trainer Alex (MAV65@web.de). <br><\/strong><\/p>\n\n\n\n<figure class=\"wp-block-image size-full\"><a href=\"http:\/\/tohuwabohu-team.de\/wp-content\/uploads\/2026\/01\/Silvesterplakat-2026b.jpg\"><img loading=\"lazy\" decoding=\"async\" width=\"864\" height=\"1184\" src=\"http:\/\/tohuwabohu-team.de\/wp-content\/uploads\/2026\/01\/Silvesterplakat-2026b.jpg\" alt=\"\" class=\"wp-image-340\" srcset=\"http:\/\/tohuwabohu-team.de\/wp-content\/uploads\/2026\/01\/Silvesterplakat-2026b.jpg 864w, http:\/\/tohuwabohu-team.de\/wp-content\/uploads\/2026\/01\/Silvesterplakat-2026b-219x300.jpg 219w, http:\/\/tohuwabohu-team.de\/wp-content\/uploads\/2026\/01\/Silvesterplakat-2026b-747x1024.jpg 747w, http:\/\/tohuwabohu-team.de\/wp-content\/uploads\/2026\/01\/Silvesterplakat-2026b-768x1052.jpg 768w\" sizes=\"auto, (max-width: 864px) 100vw, 864px\" \/><\/a><\/figure>\n\n\n\n<p class=\"has-text-align-center\"><mark style=\"background-color:#cf2e2e\" class=\"has-inline-color has-white-color\"><\/mark><strong><mark style=\"background-color:rgba(0, 0, 0, 0)\" class=\"has-inline-color has-vivid-red-color\"><\/mark><\/strong><\/p>\n\n\n\n<p class=\"has-text-align-center\"><strong>Rock\u2019n\u2019Roll \u2013 Anf\u00e4ngertraining<br>Tanzen aber noch sehr viel mehr!<\/strong><\/p>\n\n\n\n<p class=\"has-text-align-center\"><strong>Lust auf Sport mit fetziger Musik aus 8 Jahrzehnten?<\/strong><\/p>\n\n\n\n<p class=\"has-text-align-center\"><br>Dann schaut mal beim n\u00e4chsten Rock\u2019n\u2019Roll Anf\u00e4ngertraining vorbei!<br>Rock\u2019n\u2019Roll ist viel mehr als ein Tanz und mit den klassischen T\u00e4nzen wenig<br>vergleichbar. Es ist ein Sport der Koordination und Beweglichkeit,<br>Konzentration, Kraft und Ausdauer trainiert und das alles mit Spa\u00df und fetziger<br>Musik! Ob mit oder ohne akrobatische Elemente, jedes Paar kann bereits relativ<br>fr\u00fch eigene Vorlieben entwickeln und entsprechende Schwerpunkte setzen,<br>eben jedes Paar, wie es mag.<br><\/p>\n\n\n\n<p class=\"has-text-align-center\">Unsere Gruppe freut sich \u00fcber Nachwuchs, je voller die Turnhalle ist, umso<br>besser. umso mehr Spa\u00df macht es!<\/p>\n\n\n\n<p class=\"has-text-align-center\"><br><strong>Was m\u00fcsst ihr mitbringen?<br><\/strong>Nicht viel: Turnschuhe f\u00fcr die Halle, bequeme, sportliche Kleidung, vielleicht<br>etwas zu Trinken und Neugierde auf ein spannendes Training. Auch ein(e)<br>TanzpartnerIn w\u00e4re nicht schlecht , aber mit etwas Gl\u00fcck findet sich bei uns<br>jemand.<\/p>\n\n\n\n<p class=\"has-text-align-center\"><br>Das n\u00e4chste Anf\u00e4ngertraining startet am <strong>Sonntag, 11.01.2026, um 18 Uhr<\/strong>. Drei<br>Mal jeweils ca. <strong>75 Minuten <\/strong>zum Reinschnuppern sind kostenlos, danach sehen<br>wir weiter, ob wir f\u00fcr euch bei Interesse eine Art Aufbautraining ab 18 Uhr<br>anbieten oder ob ihr direkt in unsere Trainingsgruppe ab 19 Uhr wechselt.<br>Habt ihr noch Fragen, dann ruft gerne bei unserem Trainer Alexander unter<br><strong>0160\/ 54 54 052<\/strong> an oder schreibt eine Mail an <strong>MAV65@web.de<\/strong>.<\/p>\n\n\n\n<p class=\"has-text-align-center\"><br><strong>Wir freuen uns auf euch!!!<\/strong><\/p>\n\n\n\n<figure class=\"wp-block-gallery has-nested-images columns-default is-cropped wp-block-gallery-1 is-layout-flex wp-block-gallery-is-layout-flex\">\n<figure class=\"wp-block-image size-large\"><img loading=\"lazy\" decoding=\"async\" width=\"768\" height=\"1024\" data-id=\"232\" src=\"http:\/\/tohuwabohu-team.de\/wp-content\/uploads\/2020\/10\/Foto-19-57-06-768x1024.jpg\" alt=\"\" class=\"wp-image-232\" srcset=\"http:\/\/tohuwabohu-team.de\/wp-content\/uploads\/2020\/10\/Foto-19-57-06-768x1024.jpg 768w, http:\/\/tohuwabohu-team.de\/wp-content\/uploads\/2020\/10\/Foto-19-57-06-225x300.jpg 225w, http:\/\/tohuwabohu-team.de\/wp-content\/uploads\/2020\/10\/Foto-19-57-06-1152x1536.jpg 1152w, http:\/\/tohuwabohu-team.de\/wp-content\/uploads\/2020\/10\/Foto-19-57-06.jpg 1200w\" sizes=\"auto, (max-width: 768px) 100vw, 768px\" \/><\/figure>\n\n\n\n<figure class=\"wp-block-image size-large\"><img loading=\"lazy\" decoding=\"async\" width=\"768\" height=\"1024\" data-id=\"229\" src=\"http:\/\/tohuwabohu-team.de\/wp-content\/uploads\/2020\/10\/Foto19-58-48-768x1024.jpg\" alt=\"\" class=\"wp-image-229\" srcset=\"http:\/\/tohuwabohu-team.de\/wp-content\/uploads\/2020\/10\/Foto19-58-48-768x1024.jpg 768w, http:\/\/tohuwabohu-team.de\/wp-content\/uploads\/2020\/10\/Foto19-58-48-225x300.jpg 225w, http:\/\/tohuwabohu-team.de\/wp-content\/uploads\/2020\/10\/Foto19-58-48-1152x1536.jpg 1152w, http:\/\/tohuwabohu-team.de\/wp-content\/uploads\/2020\/10\/Foto19-58-48.jpg 1200w\" sizes=\"auto, (max-width: 768px) 100vw, 768px\" \/><\/figure>\n<\/figure>\n\n\n\n<p>Rock \u2019n\u2019 Roll ist ein paarweise getanzter akrobatischer Schau- und Turniertanz. Sein Ursprung liegt in den USA. Er gilt als fr\u00f6hlicher, schneller und sportlicher Tanz, der Akrobatik und Fitness miteinander verbindet. Besonders bekannt an diesem Tanz ist der gesprungene Grundschritt mit Kicks und Kick-Ball-Change.<\/p>\n\n\n\n<p>Wir, das Tohuwabohu-Team vom TSV Buchholz 08, trainieren einmal w\u00f6chentlich. Jedes Training beginnt mit Aufw\u00e4rmen und Dehnen. Anschlie\u00dfend \u00fcben wir neue Schritte, Tanzabfolgen, Akrobatik sowie unsere Formation.<\/p>\n\n\n\n<p>Wenn du nun Lust bekommen hast, schau doch einfach mal bei unserem kostenlosen Schnuppertraining im M\u00e4rz vorbei. Hier lernst du schon einige Grundlagen und kannst dann mit dem Einsteigerkurs durchstarten.<\/p>\n\n\n\n<hr class=\"wp-block-separator has-css-opacity\"\/>\n\n\n\n<p><\/p>\n\n\n\n<p><\/p>\n\n\n\n<figure class=\"wp-block-gallery has-nested-images columns-default is-cropped wp-block-gallery-2 is-layout-flex wp-block-gallery-is-layout-flex\">\n<figure class=\"wp-block-image size-large\"><img loading=\"lazy\" decoding=\"async\" width=\"768\" height=\"1024\" data-id=\"234\" src=\"http:\/\/tohuwabohu-team.de\/wp-content\/uploads\/2020\/10\/Foto-19-58-52-768x1024.jpg\" alt=\"\" class=\"wp-image-234\" srcset=\"http:\/\/tohuwabohu-team.de\/wp-content\/uploads\/2020\/10\/Foto-19-58-52-768x1024.jpg 768w, http:\/\/tohuwabohu-team.de\/wp-content\/uploads\/2020\/10\/Foto-19-58-52-225x300.jpg 225w, http:\/\/tohuwabohu-team.de\/wp-content\/uploads\/2020\/10\/Foto-19-58-52-1152x1536.jpg 1152w, http:\/\/tohuwabohu-team.de\/wp-content\/uploads\/2020\/10\/Foto-19-58-52.jpg 1200w\" sizes=\"auto, (max-width: 768px) 100vw, 768px\" \/><\/figure>\n\n\n\n<figure class=\"wp-block-image size-large\"><img loading=\"lazy\" decoding=\"async\" width=\"768\" height=\"1024\" data-id=\"157\" src=\"http:\/\/tohuwabohu-team.de\/wp-content\/uploads\/2019\/03\/WhatsApp-Image-2019-03-17-at-21.38.331-768x1024.jpeg\" alt=\"\" class=\"wp-image-157\" srcset=\"http:\/\/tohuwabohu-team.de\/wp-content\/uploads\/2019\/03\/WhatsApp-Image-2019-03-17-at-21.38.331-768x1024.jpeg 768w, http:\/\/tohuwabohu-team.de\/wp-content\/uploads\/2019\/03\/WhatsApp-Image-2019-03-17-at-21.38.331-225x300.jpeg 225w, http:\/\/tohuwabohu-team.de\/wp-content\/uploads\/2019\/03\/WhatsApp-Image-2019-03-17-at-21.38.331.jpeg 1200w\" sizes=\"auto, (max-width: 768px) 100vw, 768px\" \/><\/figure>\n<\/figure>\n\n\n\n<p>Dies alles ist nicht einfach in einer oder maximal 2 Trainingszeiten pro Woche unterzubringen, aber bisher ist es uns immer ganz gut gelungen.<br>Auch nach dem Anf\u00e4ngertraining ist und bleibt der Sonntag ab 19 Uhr unsere Haupttrainingszeit. Im Gymnastikraum vom Sportzentrum des TSV08 ist die Decke mit gut 3 Meter zwar f\u00fcr fortgeschrittene Akrobatikfiguren etwas niedrig, aber da haben die Paare, die es betrifft, die M\u00f6glichkeiten in den Tanzsaal oben oder zu anderer Zeit in die Turnhalle auszuweichen. Au\u00dferdem gibt es auch anspruchsvolle Akrobatikfiguren, z.B. sogenannte Wickelfiguren, die man auch bei niedriger Deckenh\u00f6he ausf\u00fchren kann. Doch all das wird erst interessant, wenn Paare l\u00e4ngere Zeit dabei sind.<\/p>\n\n\n\n<p><br>Wenn wir nun also euer Interesse geweckt haben oder noch Fragen sind, ruft an unter <strong>04181\/ 7479<\/strong> oder schaut \u2013 am besten nach telefonischer Ank\u00fcndigung \u2013 einfach mal beim Training vorbei!<\/p>\n\n\n\n<p>So sieht der Rock&#8217;n&#8217;Roll in der A-Klasse aus. Wir fangen aber erstmal klein an. \ud83d\ude09<\/p>\n\n\n<div style=\"text-algn:left\"><span style=\"display:inline-block;text-align:center;\"><iframe allow=\"autoplay\" class=\"youtube_embed_iframe\"    allowFullScreen=\"true\" style=\"width:640px; height:385px\" src=\"https:\/\/www.youtube.com\/embed\/chju8632k4g?autoplay=0&theme=dark&loop=0&fs=1&showinfo=0&modestbranding=0&iv_load_policy=3&color=white&autohide=1&disablekb=0&enablejsapi=1&version=3\"><\/iframe><\/span><\/div>\n","protected":false},"excerpt":{"rendered":"<p>2026 Rock\u2019n\u2019Roll \u2013 Anf\u00e4ngertrainingTanzen aber noch sehr viel mehr! Die Rock &#8217;n&#8216; Roller vom TSV Buchholz 08 suchen Verst\u00e4rkung f\u00fcr ihr Team. F\u00fcr alle Tanz- und Sportbegeisterten beginnt im Herbst ein neuer Anf\u00e4ngerkurs. Melde dich einfach bei unserem Trainer Alex (MAV65@web.de). Rock\u2019n\u2019Roll \u2013 Anf\u00e4ngertrainingTanzen aber noch sehr viel mehr! Lust<\/p>\n","protected":false},"author":4,"featured_media":0,"parent":0,"menu_order":0,"comment_status":"closed","ping_status":"closed","template":"","meta":{"footnotes":""},"class_list":["post-35","page","type-page","status-publish","hentry"],"_links":{"self":[{"href":"http:\/\/tohuwabohu-team.de\/index.php?rest_route=\/wp\/v2\/pages\/35","targetHints":{"allow":["GET"]}}],"collection":[{"href":"http:\/\/tohuwabohu-team.de\/index.php?rest_route=\/wp\/v2\/pages"}],"about":[{"href":"http:\/\/tohuwabohu-team.de\/index.php?rest_route=\/wp\/v2\/types\/page"}],"author":[{"embeddable":true,"href":"http:\/\/tohuwabohu-team.de\/index.php?rest_route=\/wp\/v2\/users\/4"}],"replies":[{"embeddable":true,"href":"http:\/\/tohuwabohu-team.de\/index.php?rest_route=%2Fwp%2Fv2%2Fcomments&post=35"}],"version-history":[{"count":51,"href":"http:\/\/tohuwabohu-team.de\/index.php?rest_route=\/wp\/v2\/pages\/35\/revisions"}],"predecessor-version":[{"id":341,"href":"http:\/\/tohuwabohu-team.de\/index.php?rest_route=\/wp\/v2\/pages\/35\/revisions\/341"}],"wp:attachment":[{"href":"http:\/\/tohuwabohu-team.de\/index.php?rest_route=%2Fwp%2Fv2%2Fmedia&parent=35"}],"curies":[{"name":"wp","href":"https:\/\/api.w.org\/{rel}","templated":true}]}}