{"id":146,"date":"2019-02-18T17:06:40","date_gmt":"2019-02-18T17:06:40","guid":{"rendered":"http:\/\/tohuwabohu-team.de\/?page_id=146"},"modified":"2019-02-18T17:09:56","modified_gmt":"2019-02-18T17:09:56","slug":"datenschutzerklaerung","status":"publish","type":"page","link":"http:\/\/tohuwabohu-team.de\/?page_id=146","title":{"rendered":"Datenschutzerkl\u00e4rung"},"content":{"rendered":"\n<h4 class=\"wp-block-heading\">Wer wir sind<\/h4>\n\n\n\n<p>Die Adresse unserer Website ist: http:\/\/tohuwabohu-team.de.<\/p>\n\n\n\n<h4 class=\"wp-block-heading\">Erfassung von Daten<\/h4>\n\n\n\n<p>W\u00e4hrend Sie auf unsere Webseiten zugreifen, erfassen wir automatisch  Daten von allgemeiner Natur. Diese Daten (Server-Logfiles) umfassen zum  Beispiel die Art ihres Browsers, ihr Betriebssystem, den Domainnamen  Ihres Internetanbieters sowie weitere \u00e4hnliche allgemeine Daten. Diese  Daten sind absolut Personen unabh\u00e4ngig und werden genutzt, um Ihnen die  Webseiten korrekt darzustellen und werden bei jeder Nutzung des  Internets abgerufen. Die absolut anonymen Daten werden statistisch  ausgewertet um unseren Service f\u00fcr Sie zu verbessern.<\/p>\n\n\n\n<h4 class=\"wp-block-heading\">Kontakt <\/h4>\n\n\n\n<p>Wenn Sie uns \u00fcber uns eine E-Mail  schicken werden die entsprechenden Daten zur Bearbeitung gespeichert. <br><\/p>\n\n\n\n<h4 class=\"wp-block-heading\">L\u00f6schung oder Sperrung von Daten<br><\/h4>\n\n\n\n<p>Ihre pers\u00f6nlichen Daten werden nur so lange gespeichert, wie dies absolut  notwendig ist um die angegebenen Dienste zu leisten und es vom Gesetz  vorgeschrieben ist. Nach Ablauf dieser Fristen werden die pers\u00f6nlichen  Daten der Nutzer regelm\u00e4\u00dfig gesperrt oder gel\u00f6scht.<\/p>\n\n\n\n<h4 class=\"wp-block-heading\">Cookies<\/h4>\n\n\n\n<p>Auskunft, Berichtigung, L\u00f6sung und Widerspruch<br>Sie k\u00f6nnen zu jedem Zeitpunkt Informationen \u00fcber Ihre bei uns  gespeicherten Daten erbitten. Diese k\u00f6nnen auch berichtigt, gesperrt  oder, sofern die vorgeschriebene Zeitr\u00e4ume der Datenspeicherung zur  Gesch\u00e4ftsabwicklung abgelaufen sind, gel\u00f6scht werden. <\/p>\n\n\n\n<p>Unsere Webseite verwendet \u201eCookies\u201c. Cookies sind Textdateien, die vom  Server einer Webseite auf Ihren Rechner \u00fcbertragen werden. Bestimmte  Daten wie IP-Adresse, Browser, Betriebssystem und Internet Verbindung  werden dabei \u00fcbertragen.<br> <br>Cookies starten keine Programme und \u00fcbertragen keine Viren. Die durch  Cookies gesammelten Informationen dienen dazu, Ihnen die Navigation zu  erleichtern und die Anzeige unserer Webseiten zu optimieren.<br> <br>Daten, die von uns erfasst werden, werden niemals ohne Ihre Einwilligung  an Daten an Dritte weitergegeben oder mit personenbezogenen Daten  verkn\u00fcpft.<br> <br>Die Verwendung von Cookies kann \u00fcber Einstellungen in ihrem Browser  verhindert werden. In den Erl\u00e4uterungen zu Ihrem Internetbrowsers finden  Sie Informationen dar\u00fcber, wie man diese Einstellungen ver\u00e4ndern kann.  Einzelne Funktionen unserer Website k\u00f6nnen unter Umst\u00e4nden nicht richtig  funktionieren, wenn die Verwendung von Cookies desaktiviert ist. <\/p>\n\n\n\n<p>\u00c4nderungen oder Widerruf von Einwilligungen k\u00f6nnen durch eine Mitteilung  an uns vorgenommen werden. Dies ist auch f\u00fcr zuk\u00fcnftige Aktionen  m\u00f6glich. <br><\/p>\n\n\n\n<h4 class=\"wp-block-heading\">\u00c4nderung der Datenschutzbestimmung<\/h4>\n\n\n\n<p>Unsere Datenschutzerkl\u00e4rung k\u00f6nnen in unregelm\u00e4\u00dfigen Abst\u00e4nden angepasst  werden, damit sie den aktuellen rechtlichen Anforderungen entsprechen  oder um \u00c4nderungen unserer Dienstleistungen umzusetzen, z. B. bei der  Einf\u00fcgung neuer Angebote. F\u00fcr Ihren n\u00e4chsten Besuch gilt dann  automatisch die neue Datenschutzerkl\u00e4rung. <\/p>\n\n\n\n<h4 class=\"wp-block-heading\">Kontakt zum Datenschutzbeauftragten<\/h4>\n\n\n\n<p> F\u00fcr Fragen zum Datenschutz schicken Sie uns bitte eine Nachricht an  geschaeftsstelle@tsv-buchholz08.de mit dem Betreff \u201eDatenschutz\u201c<\/p>\n","protected":false},"excerpt":{"rendered":"<p>Wer wir sind Die Adresse unserer Website ist: http:\/\/tohuwabohu-team.de. Erfassung von Daten W\u00e4hrend Sie auf unsere Webseiten zugreifen, erfassen wir automatisch Daten von allgemeiner Natur. Diese Daten (Server-Logfiles) umfassen zum Beispiel die Art ihres Browsers, ihr Betriebssystem, den Domainnamen Ihres Internetanbieters sowie weitere \u00e4hnliche allgemeine Daten. Diese Daten sind absolut<\/p>\n","protected":false},"author":4,"featured_media":0,"parent":21,"menu_order":0,"comment_status":"closed","ping_status":"closed","template":"","meta":{"footnotes":""},"class_list":["post-146","page","type-page","status-publish","hentry"],"_links":{"self":[{"href":"http:\/\/tohuwabohu-team.de\/index.php?rest_route=\/wp\/v2\/pages\/146","targetHints":{"allow":["GET"]}}],"collection":[{"href":"http:\/\/tohuwabohu-team.de\/index.php?rest_route=\/wp\/v2\/pages"}],"about":[{"href":"http:\/\/tohuwabohu-team.de\/index.php?rest_route=\/wp\/v2\/types\/page"}],"author":[{"embeddable":true,"href":"http:\/\/tohuwabohu-team.de\/index.php?rest_route=\/wp\/v2\/users\/4"}],"replies":[{"embeddable":true,"href":"http:\/\/tohuwabohu-team.de\/index.php?rest_route=%2Fwp%2Fv2%2Fcomments&post=146"}],"version-history":[{"count":2,"href":"http:\/\/tohuwabohu-team.de\/index.php?rest_route=\/wp\/v2\/pages\/146\/revisions"}],"predecessor-version":[{"id":151,"href":"http:\/\/tohuwabohu-team.de\/index.php?rest_route=\/wp\/v2\/pages\/146\/revisions\/151"}],"up":[{"embeddable":true,"href":"http:\/\/tohuwabohu-team.de\/index.php?rest_route=\/wp\/v2\/pages\/21"}],"wp:attachment":[{"href":"http:\/\/tohuwabohu-team.de\/index.php?rest_route=%2Fwp%2Fv2%2Fmedia&parent=146"}],"curies":[{"name":"wp","href":"https:\/\/api.w.org\/{rel}","templated":true}]}}